{"id":153,"date":"2023-03-11T16:18:08","date_gmt":"2023-03-11T15:18:08","guid":{"rendered":"https:\/\/www.nomadenroute.eu\/contacts\/"},"modified":"2024-05-10T12:35:58","modified_gmt":"2024-05-10T10:35:58","slug":"kontakty","status":"publish","type":"page","link":"https:\/\/www.nomadenroute.eu\/cs\/kontakty\/","title":{"rendered":"Kontakty"},"content":{"rendered":"","protected":false},"excerpt":{"rendered":"","protected":false},"author":1,"featured_media":0,"parent":0,"menu_order":0,"comment_status":"closed","ping_status":"closed","template":"pages\/page-blocks.php","meta":{"footnotes":""},"class_list":["post-153","page","type-page","status-publish","hentry"],"yoast_head":"<!-- This site is optimized with the Yoast SEO plugin v25.6 - https:\/\/yoast.com\/wordpress\/plugins\/seo\/ -->\n<title>Kontakty | Nomad enroute<\/title>\n<meta name=\"description\" content=\"Adresa: Vrbensk\u00e1\/S\u00e1dlov, 388 01 Blatn\u00e1; tel.: +420 774 718 101. Pokud m\u00e1te jak\u00e9koli dotazy, nebojte se n\u00e1m zavolat nebo n\u00e1s nav\u0161t\u00edvit.\" \/>\n<meta name=\"robots\" content=\"index, follow, max-snippet:-1, max-image-preview:large, max-video-preview:-1\" \/>\n<link rel=\"canonical\" href=\"https:\/\/www.nomadenroute.eu\/cs\/kontakty\/\" \/>\n<meta property=\"og:locale\" content=\"cs_CZ\" \/>\n<meta property=\"og:type\" content=\"article\" \/>\n<meta property=\"og:title\" content=\"Kontakty | Nomad enroute\" \/>\n<meta property=\"og:description\" content=\"Adresa: Vrbensk\u00e1\/S\u00e1dlov, 388 01 Blatn\u00e1; tel.: +420 774 718 101. Pokud m\u00e1te jak\u00e9koli dotazy, nebojte se n\u00e1m zavolat nebo n\u00e1s nav\u0161t\u00edvit.\" \/>\n<meta property=\"og:url\" content=\"https:\/\/www.nomadenroute.eu\/cs\/kontakty\/\" \/>\n<meta property=\"og:site_name\" content=\"Nomad enroute\" \/>\n<meta property=\"article:modified_time\" content=\"2024-05-10T10:35:58+00:00\" \/>\n<meta property=\"og:image\" content=\"https:\/\/www.nomadenroute.eu\/wp-content\/uploads\/2023\/03\/OG_Nomad.jpg\" \/>\n\t<meta property=\"og:image:width\" content=\"1200\" \/>\n\t<meta property=\"og:image:height\" content=\"630\" \/>\n\t<meta property=\"og:image:type\" content=\"image\/jpeg\" \/>\n<meta name=\"twitter:card\" content=\"summary_large_image\" \/>\n<!-- \/ Yoast SEO plugin. -->","yoast_head_json":{"title":"Kontakty | Nomad enroute","description":"Adresa: Vrbensk\u00e1\/S\u00e1dlov, 388 01 Blatn\u00e1; tel.: +420 774 718 101. Pokud m\u00e1te jak\u00e9koli dotazy, nebojte se n\u00e1m zavolat nebo n\u00e1s nav\u0161t\u00edvit.","robots":{"index":"index","follow":"follow","max-snippet":"max-snippet:-1","max-image-preview":"max-image-preview:large","max-video-preview":"max-video-preview:-1"},"canonical":"https:\/\/www.nomadenroute.eu\/cs\/kontakty\/","og_locale":"cs_CZ","og_type":"article","og_title":"Kontakty | Nomad enroute","og_description":"Adresa: Vrbensk\u00e1\/S\u00e1dlov, 388 01 Blatn\u00e1; tel.: +420 774 718 101. Pokud m\u00e1te jak\u00e9koli dotazy, nebojte se n\u00e1m zavolat nebo n\u00e1s nav\u0161t\u00edvit.","og_url":"https:\/\/www.nomadenroute.eu\/cs\/kontakty\/","og_site_name":"Nomad enroute","article_modified_time":"2024-05-10T10:35:58+00:00","og_image":[{"width":1200,"height":630,"url":"https:\/\/www.nomadenroute.eu\/wp-content\/uploads\/2023\/03\/OG_Nomad.jpg","type":"image\/jpeg"}],"twitter_card":"summary_large_image","schema":{"@context":"https:\/\/schema.org","@graph":[{"@type":"WebPage","@id":"https:\/\/www.nomadenroute.eu\/cs\/kontakty\/","url":"https:\/\/www.nomadenroute.eu\/cs\/kontakty\/","name":"Kontakty | Nomad enroute","isPartOf":{"@id":"https:\/\/www.nomadenroute.eu\/cs\/#website"},"datePublished":"2023-03-11T15:18:08+00:00","dateModified":"2024-05-10T10:35:58+00:00","description":"Adresa: Vrbensk\u00e1\/S\u00e1dlov, 388 01 Blatn\u00e1; tel.: +420 774 718 101. Pokud m\u00e1te jak\u00e9koli dotazy, nebojte se n\u00e1m zavolat nebo n\u00e1s nav\u0161t\u00edvit.","breadcrumb":{"@id":"https:\/\/www.nomadenroute.eu\/cs\/kontakty\/#breadcrumb"},"inLanguage":"cs","potentialAction":[{"@type":"ReadAction","target":["https:\/\/www.nomadenroute.eu\/cs\/kontakty\/"]}]},{"@type":"BreadcrumbList","@id":"https:\/\/www.nomadenroute.eu\/cs\/kontakty\/#breadcrumb","itemListElement":[{"@type":"ListItem","position":1,"name":"\u00davod","item":"https:\/\/www.nomadenroute.eu\/cs\/uvod\/"},{"@type":"ListItem","position":2,"name":"Kontakty"}]},{"@type":"WebSite","@id":"https:\/\/www.nomadenroute.eu\/cs\/#website","url":"https:\/\/www.nomadenroute.eu\/cs\/","name":"Nomad enroute","description":"","publisher":{"@id":"https:\/\/www.nomadenroute.eu\/cs\/#organization"},"potentialAction":[{"@type":"SearchAction","target":{"@type":"EntryPoint","urlTemplate":"https:\/\/www.nomadenroute.eu\/cs\/?s={search_term_string}"},"query-input":{"@type":"PropertyValueSpecification","valueRequired":true,"valueName":"search_term_string"}}],"inLanguage":"cs"},{"@type":"Organization","@id":"https:\/\/www.nomadenroute.eu\/cs\/#organization","name":"Nomad enroute","url":"https:\/\/www.nomadenroute.eu\/cs\/","logo":{"@type":"ImageObject","inLanguage":"cs","@id":"https:\/\/www.nomadenroute.eu\/cs\/#\/schema\/logo\/image\/","url":"https:\/\/www.nomadenroute.eu\/wp-content\/uploads\/2023\/03\/nomad-enroute_logo.svg","contentUrl":"https:\/\/www.nomadenroute.eu\/wp-content\/uploads\/2023\/03\/nomad-enroute_logo.svg","width":165,"height":43,"caption":"Nomad enroute"},"image":{"@id":"https:\/\/www.nomadenroute.eu\/cs\/#\/schema\/logo\/image\/"}}]}},"_links":{"self":[{"href":"https:\/\/www.nomadenroute.eu\/cs\/wp-json\/wp\/v2\/pages\/153","targetHints":{"allow":["GET"]}}],"collection":[{"href":"https:\/\/www.nomadenroute.eu\/cs\/wp-json\/wp\/v2\/pages"}],"about":[{"href":"https:\/\/www.nomadenroute.eu\/cs\/wp-json\/wp\/v2\/types\/page"}],"author":[{"embeddable":true,"href":"https:\/\/www.nomadenroute.eu\/cs\/wp-json\/wp\/v2\/users\/1"}],"replies":[{"embeddable":true,"href":"https:\/\/www.nomadenroute.eu\/cs\/wp-json\/wp\/v2\/comments?post=153"}],"version-history":[{"count":1,"href":"https:\/\/www.nomadenroute.eu\/cs\/wp-json\/wp\/v2\/pages\/153\/revisions"}],"predecessor-version":[{"id":154,"href":"https:\/\/www.nomadenroute.eu\/cs\/wp-json\/wp\/v2\/pages\/153\/revisions\/154"}],"wp:attachment":[{"href":"https:\/\/www.nomadenroute.eu\/cs\/wp-json\/wp\/v2\/media?parent=153"}],"curies":[{"name":"wp","href":"https:\/\/api.w.org\/{rel}","templated":true}]}}